{"id":14,"date":"2017-12-30T15:28:07","date_gmt":"2017-12-30T15:28:07","guid":{"rendered":"http:\/\/pbs-plan.com\/?page_id=14"},"modified":"2026-02-04T09:59:52","modified_gmt":"2026-02-04T09:59:52","slug":"buerovorstellung","status":"publish","type":"page","link":"https:\/\/pbs-plan.com\/?page_id=14","title":{"rendered":"Vorstellung"},"content":{"rendered":"\n<p>Wir sind ein Planungsb\u00fcro, das auf eine mehrj\u00e4hrige Erfahrung zur\u00fcckblicken kann. In unserem Team sind kompetente und hochqualifizierte Diplom-Geografen und Diplom-Agraringenieure t\u00e4tig. F\u00fcr unsere Auftragnehmer \u00fcbernehmen wir Aufgaben aus den Bereichen:<\/p>\n\n\n\n<p class=\"has-text-align-center\">Stadtplanung<br><br>Landschaftsplanung<br><br>Freiraumsicherung<\/p>\n\n\n\n<p>Wir verstehen die Bauleitplanung als einen komplexen Prozess, in dem die unterschiedlichen Problemfelder sachgerecht gegeneinander abgewogen werden. Bei der Bew\u00e4ltigung dieser Aufgabe spielt die Vermittlung und Moderation zwischen den Beteiligten eine wichtige Rolle. Unser Planungsb\u00fcro entwickelt Konzepte, die die Nutzbarkeit und die Qualit\u00e4t des Raumes in den Vordergrund stellen. Das Ziel ist, im Rahmen einer nachhaltigen Siedlungs- und Raumentwicklung die nat\u00fcrlichen Ressourcen zu schonen und die vielf\u00e4ltigen M\u00f6glichkeiten \u00d6kologischen Bauens in die Planung zu integrieren.<\/p>\n\n\n\n<h4 class=\"wp-block-heading has-text-align-center\"><span style=\"color: #1f69a6;\"><strong>Wir verstehen uns als Anwalt unserer Auftraggeber,<\/strong><\/span><br> <span style=\"color: #1f69a6;\"><strong>f\u00fcr deren Interessen wir uns stets zielorientiert einsetzen. <\/strong><\/span><\/h4>\n\n\n\n<h4 class=\"wp-block-heading has-text-align-center\"><span style=\"color: #1f69a6;\"><strong>Unsere Garantie:<\/strong><\/span><br> <span style=\"color: #1f69a6;\"><strong>Ein hohes Ma\u00df an Qualit\u00e4t!<\/strong><\/span><\/h4>\n\n\n","protected":false},"excerpt":{"rendered":"<p>Wir sind ein Planungsb\u00fcro, das auf eine mehrj\u00e4hrige Erfahrung zur\u00fcckblicken kann. In unserem Team sind kompetente und hochqualifizierte Diplom-Geografen und Diplom-Agraringenieure t\u00e4tig. F\u00fcr unsere Auftragnehmer \u00fcbernehmen wir Aufgaben aus den Bereichen: Stadtplanung Landschaftsplanung Freiraumsicherung Wir verstehen die Bauleitplanung als einen komplexen Prozess, in dem die unterschiedlichen Problemfelder sachgerecht gegeneinander abgewogen werden. Bei der Bew\u00e4ltigung dieser [&hellip;]<\/p>\n","protected":false},"author":1,"featured_media":0,"parent":0,"menu_order":0,"comment_status":"closed","ping_status":"closed","template":"template-fullwidth.php","meta":{"saved_in_kubio":true,"footnotes":""},"class_list":["post-14","page","type-page","status-publish","hentry"],"kubio_ai_page_context":{"short_desc":"","purpose":"general"},"_links":{"self":[{"href":"https:\/\/pbs-plan.com\/index.php?rest_route=\/wp\/v2\/pages\/14","targetHints":{"allow":["GET"]}}],"collection":[{"href":"https:\/\/pbs-plan.com\/index.php?rest_route=\/wp\/v2\/pages"}],"about":[{"href":"https:\/\/pbs-plan.com\/index.php?rest_route=\/wp\/v2\/types\/page"}],"author":[{"embeddable":true,"href":"https:\/\/pbs-plan.com\/index.php?rest_route=\/wp\/v2\/users\/1"}],"replies":[{"embeddable":true,"href":"https:\/\/pbs-plan.com\/index.php?rest_route=%2Fwp%2Fv2%2Fcomments&post=14"}],"version-history":[{"count":13,"href":"https:\/\/pbs-plan.com\/index.php?rest_route=\/wp\/v2\/pages\/14\/revisions"}],"predecessor-version":[{"id":288,"href":"https:\/\/pbs-plan.com\/index.php?rest_route=\/wp\/v2\/pages\/14\/revisions\/288"}],"wp:attachment":[{"href":"https:\/\/pbs-plan.com\/index.php?rest_route=%2Fwp%2Fv2%2Fmedia&parent=14"}],"curies":[{"name":"wp","href":"https:\/\/api.w.org\/{rel}","templated":true}]}}