{"id":19,"date":"2017-12-30T15:28:07","date_gmt":"2017-12-30T15:28:07","guid":{"rendered":"http:\/\/pbs-plan.com\/?page_id=19"},"modified":"2018-01-06T15:56:37","modified_gmt":"2018-01-06T15:56:37","slug":"infos","status":"publish","type":"page","link":"https:\/\/pbs-plan.com\/?page_id=19","title":{"rendered":"Infos"},"content":{"rendered":"<h2><span style=\"color: #1f69a6;\">29. Juli 2009<\/span><\/h2>\n<p>Das\u00a0<span style=\"color: #1f69a6;\"><b class=\"date_title\">Gesetz zur Neuregelung des Naturschutzes und der Landschaftspflege<\/b>\u00a0<\/span>wurde am 29. Juli 2009 im\u00a0<span style=\"color: #1f69a6;\"><a style=\"color: #1f69a6;\" href=\"https:\/\/www.bgbl.de\/xaver\/bgbl\/start.xav?startbk=Bundesanzeiger_BGBl#__bgbl__%2F%2F*%5B%40attr_id%3D%27I_2009_51_inhaltsverz%27%5D__1515236779374\" target=\"_blank\" rel=\"noopener\">Bundesgesetzblatt I Nr. 51, Seite 2543 ff. \u00a0<\/a><\/span>verk\u00fcndet. Das Gesetz tritt am 01. M\u00e4rz 2010 in Kraft. Gleichzeitig tritt das Bundesnaturschutzgesetz vom 25. M\u00e4rz 2002 (BGBl. I S. 1193) au\u00dfer Kraft. Es l\u00f6st das BNatSchG ab, das bislang als Rahmenrecht allgemeine Vorgaben f\u00fcr die L\u00e4nder enthielt.Durch die F\u00f6deralismusreform 2006 hat der Bund die M\u00f6glichkeit erhalten, das Naturschutzgesetz in eigener Kompetenz umfassend selbst zu regeln. Die L\u00e4nder k\u00f6nnen allerdings in einzelnen Bereichen \u00fcber die im BNatSchG formulierten Grunds\u00e4tze hinaus eigene weiterf\u00fchrende Regelungen treffen, z. B. bei der Landschaftsplanung oder der \u00d6kokontoregelung.<\/p>\n<hr \/>\n<h2><span style=\"color: #1f69a6;\">17. August 2009<\/span><\/h2>\n<p>Die\u00a0<span style=\"color: #1f69a6;\"><b class=\"date_title\">Verordnung \u00fcber die Honorare f\u00fcr Architekten- und Ingenieurleistungen (HOAI)<\/b><\/span>\u00a0wurde am 17. August 2009 im\u00a0<a href=\"https:\/\/www.bgbl.de\/xaver\/bgbl\/start.xav?startbk=Bundesanzeiger_BGBl#__bgbl__%2F%2F*%5B%40attr_id%3D%27I_2009_53_inhaltsverz%27%5D__1515237136623\" target=\"_blank\" rel=\"noopener\"><span style=\"color: #1f69a6;\">Bundesgesetzblatt I Nr. 53, Seite 2732 ff.<\/span><\/a> verk\u00fcndet. Die HOAI tritt am Tag nach der Verk\u00fcndung, d.h. am 18.08.2009, in Kraft. Gleichzeitig tritt die HOAI in der Fassung der Bekanntmachung vom 04. M\u00e4rz 1991 (BGBl. I S. 533), die zuletzt durch Artikel 5 des Gesetzes vom 10. November 2001 (BGBl. I S. 2992) ge\u00e4ndert worden ist, au\u00dfer Kraft.<\/p>\n<hr \/>\n<h2><span style=\"color: #1f69a6;\">03. M\u00e4rz 2010<\/span><\/h2>\n<p><b class=\"date_title\"><span style=\"color: #1f69a6;\">Novellierung des BauGB<\/span>\u00a0<\/b>bez\u00fcglich der Neuregelung des Wasserrechts vom 31. Juli 2009. Gesetz zur Neuregelung des Wasserrechts wurde am 29. Juli 2009 im <span style=\"color: #1f69a6;\"><a style=\"color: #1f69a6;\" href=\"https:\/\/www.bgbl.de\/xaver\/bgbl\/start.xav#__bgbl__%2F%2F*%5B%40attr_id%3D%27bgbl111s1509.pdf%27%5D__1515253806543\" target=\"_blank\" rel=\"noopener\">Bundesgesetzblatt I Nr. 51, Seite 2585 ff.<\/a><\/span> verk\u00fcndet.<\/p>\n<hr \/>\n<h2><span style=\"color: #1f69a6;\">30. Juli 2011<\/span><\/h2>\n<p><b class=\"date_title\"><span style=\"color: #1f69a6;\">Novellierung des BauGB<\/span>.<\/b>\u00a0Gesetz zur F\u00f6rderung des Klimaschutzes bei der Entwicklung in den St\u00e4dten und Gemeinden wurde am 22. Juli 201 im Bundesgesetzblatt I Nr. 39, Seite 1509 ff. verk\u00fcndet. \u00c4nderungen betreffen folgende Paragraphen des BauGB: \u00a7 1, \u00a7 1a, \u00a7 5, \u00a7 9, \u00a7 11, \u00a7 35, \u00a7 148, \u00a7 171a, \u00a7 171c, \u00a7 248 (neu), \u00a7 249 (neu)<\/p>\n<hr \/>\n<h2><strong><span style=\"color: #1f69a6;\">21. Juni 2013<\/span><\/strong><\/h2>\n<p><b class=\"date_title\"><span style=\"color: #1f69a6;\">Novellierung des BauGB<\/span>.\u00a0<\/b>St\u00e4rkung der Innenentwicklung in den St\u00e4dten und Gemeinden wurde am 11. Juni 2013 im <span style=\"color: #1f69a6;\"><a style=\"color: #1f69a6;\" href=\"https:\/\/www.bgbl.de\/xaver\/bgbl\/start.xav#__bgbl__%2F%2F*%5B%40attr_id%3D%27bgbl113s1548.pdf%27%5D__1515253632474\" target=\"_blank\" rel=\"noopener\">Bundesgesetzblatt I Nr. 29, Seite 1548 ff.<\/a><\/span> verk\u00fcndet. \u00c4nderungen betreffen folgende Paragraphen des BauGB: \u00a7 11, \u00a7 124, \u00a7 242, \u00a7 245a<\/p>\n<hr \/>\n<h2><span style=\"color: #1f69a6;\">10. Juli 2013<\/span><\/h2>\n<p><b class=\"date_title\"><span style=\"color: #1f69a6;\">Novellierung der HOAI. <\/span><\/b><span style=\"color: #1f69a6;\"><span style=\"color: #000000;\">Die Verordnung \u00fcber die Honorare f\u00fcr Architekten- und Ingenieurleistungen (HOAI)\u00a0wurde<\/span><\/span>\u00a0am 10. Juli 2013 im <span style=\"color: #1f69a6;\"><a style=\"color: #1f69a6;\" href=\"https:\/\/www.bgbl.de\/xaver\/bgbl\/start.xav#__bgbl__%2F%2F*%5B%40attr_id%3D%27bgbl113s2276.pdf%27%5D__1515253922873\" target=\"_blank\" rel=\"noopener\">Bundesgesetzblatt I, Nr. 37, Seite 2276 ff.<\/a> <\/span>verk\u00fcndet.<\/p>\n<hr \/>\n<h2><span style=\"color: #1f69a6;\">20. September 2013<\/span><\/h2>\n<p><span style=\"color: #1f69a6;\"><b class=\"date_title\">Novellierung des BauGB.<\/b>\u00a0<\/span>Artikel 1 Gesetz zur St\u00e4rkung der Innenentwicklung in den St\u00e4dten und Gemeinden und weiteren Fortentwicklung des St\u00e4dtebaurechts vom 11. Juni 2013 im<span style=\"color: #1f69a6;\"> <a style=\"color: #1f69a6;\" href=\"https:\/\/www.bgbl.de\/xaver\/bgbl\/start.xav#__bgbl__%2F%2F*%5B%40attr_id%3D%27bgbl113s1548.pdf%27%5D__1515253632474\" target=\"_blank\" rel=\"noopener\">Bundesgesetzblatt I Nr. 29, Seite 1548 ff.<\/a> <\/span>tritt in Kraft. \u00c4nderungen betreffen folgende Paragraphen des BauGB: \u00a7 1, \u00a7 1a, \u00a7 3, \u00a7 4a, \u00a7 4b, \u00a7 5, \u00a7 13, \u00a7 13a, \u00a7 15, \u00a7\u00a0 22, \u00a727a, \u00a734, \u00a735, \u00a7\u00a0 122, \u00a7\u00a0 133, \u00a7 135, \u00a7\u00a0 136, \u00a7\u00a0 171a, \u00a7 171d, \u00a7\u00a0 172, 179, \u00a0 195, \u00a7 197, \u00a7 199, \u00a7\u00a0 214, \u00a7 217, \u00a7 224, \u00a7 245a, Anlage 2<\/p>\n<hr \/>\n<h2><span style=\"color: #1f69a6;\">20. Dezember 2013<\/span><\/h2>\n<p><span style=\"color: #1f69a6;\"><b class=\"date_title\">Novellierung des BauGB.\u00a0<\/b><\/span>Artikel 1 Gesetz zur St\u00e4rkung der Innenentwicklung in den St\u00e4dten und Gemeinden und weiteren Fortentwicklung des St\u00e4dtebaurechts vom 11. Juni 2013 im<span style=\"color: #1f69a6;\"><a style=\"color: #1f69a6;\" href=\"https:\/\/www.bgbl.de\/xaver\/bgbl\/start.xav#__bgbl__%2F%2F*%5B%40attr_id%3D%27bgbl113s1548.pdf%27%5D__1515253589277\" target=\"_blank\" rel=\"noopener\"> Bundesgesetzblatt I Nr. 29, Seite 1548 ff.<\/a><\/span> tritt in Kraft. \u00c4nderungen betreffen folgende Paragraphen des BauGB: \u00a7 11, \u00a7 192, \u00a7 198<\/p>\n<hr \/>\n<h2><span style=\"color: #1f69a6;\">01. August 2014<\/span><\/h2>\n<p><b class=\"date_title\"><span style=\"color: #1f69a6;\">Novellierung des BauGB.<\/span>\u00a0<\/b>Einf\u00fchrung einer L\u00e4nder\u00f6ffnungsklausel zur Vorgabe von Mindestabst\u00e4nden zwischen Windenergieanlagen und zul\u00e4ssigen Nutzungen vom 15.07.2014 im<span style=\"color: #1f69a6;\"><a style=\"color: #1f69a6;\" href=\"https:\/\/www.bgbl.de\/xaver\/bgbl\/start.xav#__bgbl__%2F%2F*%5B%40attr_id%3D%27bgbl114s0954.pdf%27%5D__1515253549627\" target=\"_blank\" rel=\"noopener\"> Bundesgesetzblatt I Nr. 30, Seite 954 ff.<\/a> <\/span>\u00c4nderung betrifft folgenden Paragraphen des BauGB: \u00a7 249<\/p>\n<hr \/>\n<h2><span style=\"color: #1f69a6;\">26. November 2014<\/span><\/h2>\n<p><span style=\"color: #1f69a6;\"><b class=\"date_title\">Novellierung des BauGB.\u00a0<\/b><\/span>Gesetz \u00fcber Ma\u00dfnahmen im Bauplanungsrecht zur Erleichterung der Unterbringung von Fl\u00fcchtlingen vom 20.11.2014 im <span style=\"color: #1f69a6;\"><a style=\"color: #1f69a6;\" href=\"https:\/\/www.bgbl.de\/xaver\/bgbl\/start.xav#__bgbl__%2F%2F*%5B%40attr_id%3D%27bgbl115s1474.pdf%27%5D__1515253476462\" target=\"_blank\" rel=\"noopener\">Bundesgesetzblatt I, Nr. 35, Seite 1748 ff.<\/a> <\/span>\u00c4nderung betrifft folgende Paragraphen des BauGB: \u00a7 1, \u00a7 31, \u00a7 246<\/p>\n<hr \/>\n<h2><span style=\"color: #1f69a6;\">08. September 2015<\/span><\/h2>\n<p><b class=\"date_title\"><span style=\"color: #1f69a6;\">Novellierung des BauGB.<\/span>\u00a0<\/b>Zust\u00e4ndigkeitsanpassungsverordnung verk\u00fcndet im im<span style=\"color: #1f69a6;\"><a style=\"color: #1f69a6;\" href=\"https:\/\/www.bgbl.de\/xaver\/bgbl\/start.xav#__bgbl__%2F%2F*%5B%40attr_id%3D%27bgbl115s1474.pdf%27%5D__1515253411179\" target=\"_blank\" rel=\"noopener\"> Bundesgesetzblatt I, Nr. 53, Seite 1474 ff.<\/a> <\/span>vom 31.08.2015. \u00c4nderung betrifft folgenden Paragraphen des BauGB: \u00a7 9a<\/p>\n<hr \/>\n<h2><span style=\"color: #1f69a6;\">24. Oktober 2015\u00a0<\/span><\/h2>\n<p><b class=\"date_title\"><span style=\"color: #1f69a6;\">Novellierung des BauGB<\/span>.\u00a0<\/b>Asylverfahrensbeschleunigungsgesetz verk\u00fcndet im<span style=\"color: #1f69a6;\"><a style=\"color: #1f69a6;\" href=\"https:\/\/www.bgbl.de\/xaver\/bgbl\/start.xav#__bgbl__%2F%2F*%5B%40attr_id%3D%27bgbl115s1722.pdf%27%5D__1515239297811\" target=\"_blank\" rel=\"noopener\"> Bundesgesetzblatt I, Nr. 40, Seite 1722 ff<\/a>.<\/span> vom 20.10.2015. \u00c4nderung betrifft folgenden Paragraphen des BauGB: \u00a7 246<\/p>\n<hr \/>\n<h2><span style=\"color: #1f69a6;\">13. Mai 2017<\/span><\/h2>\n<p><span style=\"color: #1f69a6;\"><strong>Novellierung des BauGB.<\/strong><\/span> Gesetz zur Umsetzung der Richtlinie 2014\/52\/EU im St\u00e4dtebaurecht und zur St\u00e4rkung des neuen Zusammenlebens der Stadt vom 04. Mai 2017 tritt in Kraft <a href=\"https:\/\/www.bgbl.de\/xaver\/bgbl\/start.xav#__bgbl__%2F%2F*%5B%40attr_id%3D%27bgbl117s1057.pdf%27%5D__1515239202096\" target=\"_blank\" rel=\"noopener\"><span style=\"color: #1f69a6;\">(Bundesgesetzblatt I Nr. 25, S. 1057 ff.<\/span><\/a>)<\/p>\n<hr \/>\n<h2><span style=\"color: #1f69a6;\">02. Juni 2017<\/span><\/h2>\n<p><strong><span style=\"color: #1f69a6;\">Novellierung des BauGB.<\/span><\/strong> Das\u00a0Gesetz zur Anpassung des Umwelt-Rechtsbehelfsgesetzes und anderer Vorschriften an europa- und v\u00f6lkerrechtliche Vorgaben (UmwRGua\u00c4ndG 2017;\u00a0<a href=\"https:\/\/www.bgbl.de\/xaver\/bgbl\/start.xav#__bgbl__%2F%2F*%5B%40attr_id%3D%27bgbl117s1298.pdf%27%5D__1515239117305\" target=\"_blank\" rel=\"noopener\"><span style=\"color: #1f69a6;\">Bundesgesetzblatt I Nr. 32, Seite 1298 ff.)\u00a0<\/span><\/a>\u00e4ndert \u00a7 3 und \u00a7 214.<\/p>\n<hr \/>\n<h2><span style=\"color: #1f69a6;\">06. Juli 2017<\/span><\/h2>\n<p><b class=\"date_title\"><span style=\"color: #1f69a6;\">Novellierung des BauGB<\/span>.\u00a0<\/b>Hochwasserschutzgesetz II verk\u00fcndet im\u00a0<a href=\"https:\/\/www.bgbl.de\/xaver\/bgbl\/start.xav#__bgbl__%2F%2F*%5B%40attr_id%3D%27bgbl117s2193.pdf%27%5D__1515239016703\" target=\"_blank\" rel=\"noopener\"><span style=\"color: #1f69a6;\">Bundesgesetzblatt I Nr. 32, S. 1298 ff.\u00a0<\/span><\/a>vom 30. Juni 2017. \u00c4nderungen betrifft folgende Paragraphen des BauGB: \u00a7 1 und \u00a7 9.<\/p>\n<hr \/>\n<h2><span style=\"color: #1f69a6;\">29. Juli 2017<\/span><\/h2>\n<p><b class=\"date_title\"><span style=\"color: #1f69a6;\">Novellierung des BauGB<\/span>.\u00a0<\/b>Gesetz zur Modernisierung des Rechts der Umweltvertr\u00e4glichkeitspr\u00fcfung verk\u00fcndet im <span style=\"color: #1f69a6;\"><a style=\"color: #1f69a6;\" href=\"https:\/\/www.bgbl.de\/xaver\/bgbl\/start.xav#__bgbl__%2F%2F*%5B%40attr_id%3D%27bgbl117s2808.pdf%27%5D__1515238926875\" target=\"_blank\" rel=\"noopener\">Bundesgesetzblatt I Nr. 52, S. 2808ff. <\/a><span style=\"color: #000000;\">v<\/span><\/span><span style=\"color: #000000;\">om<\/span> 20. Juli 2017. \u00c4nderungen betrifft folgende Paragraphen des BauGB: \u00a7 3, \u00a7 4, \u00a7 214, \u00a7 245c, Anlage 2.<\/p>\n<hr \/>\n<h2><span style=\"color: #1f69a6;\"><strong>10. November 2017<\/strong><\/span><\/h2>\n<p>Bekanntmachung der Neufassung des BauGB vom 03. November 2017 (<span style=\"color: #1f69a6;\"><a style=\"color: #1f69a6;\" href=\"https:\/\/www.bgbl.de\/xaver\/bgbl\/start.xav#__bgbl__%2F%2F*%5B%40attr_id%3D%27bgbl117s3634.pdf%27%5D__1515238792784\" target=\"_blank\" rel=\"noopener\">Bundesgesetzblatt I Nr. 72, Seite 3634<\/a><\/span>).<\/p>\n<p>&nbsp;<\/p>\n","protected":false},"excerpt":{"rendered":"<p>29. Juli 2009 Das\u00a0Gesetz zur Neuregelung des Naturschutzes und der Landschaftspflege\u00a0wurde am 29. Juli 2009 im\u00a0Bundesgesetzblatt I Nr. 51, Seite 2543 ff. \u00a0verk\u00fcndet. Das Gesetz tritt am 01. M\u00e4rz 2010 in Kraft. Gleichzeitig tritt das Bundesnaturschutzgesetz vom 25. M\u00e4rz 2002 (BGBl. I S. 1193) au\u00dfer Kraft. Es l\u00f6st das BNatSchG ab, das bislang als Rahmenrecht [&hellip;]<\/p>\n","protected":false},"author":1,"featured_media":0,"parent":0,"menu_order":0,"comment_status":"closed","ping_status":"closed","template":"template-fullwidth.php","meta":{"saved_in_kubio":false,"footnotes":""},"class_list":["post-19","page","type-page","status-publish","hentry"],"kubio_ai_page_context":{"short_desc":"","purpose":"general"},"_links":{"self":[{"href":"https:\/\/pbs-plan.com\/index.php?rest_route=\/wp\/v2\/pages\/19","targetHints":{"allow":["GET"]}}],"collection":[{"href":"https:\/\/pbs-plan.com\/index.php?rest_route=\/wp\/v2\/pages"}],"about":[{"href":"https:\/\/pbs-plan.com\/index.php?rest_route=\/wp\/v2\/types\/page"}],"author":[{"embeddable":true,"href":"https:\/\/pbs-plan.com\/index.php?rest_route=\/wp\/v2\/users\/1"}],"replies":[{"embeddable":true,"href":"https:\/\/pbs-plan.com\/index.php?rest_route=%2Fwp%2Fv2%2Fcomments&post=19"}],"version-history":[{"count":11,"href":"https:\/\/pbs-plan.com\/index.php?rest_route=\/wp\/v2\/pages\/19\/revisions"}],"predecessor-version":[{"id":132,"href":"https:\/\/pbs-plan.com\/index.php?rest_route=\/wp\/v2\/pages\/19\/revisions\/132"}],"wp:attachment":[{"href":"https:\/\/pbs-plan.com\/index.php?rest_route=%2Fwp%2Fv2%2Fmedia&parent=19"}],"curies":[{"name":"wp","href":"https:\/\/api.w.org\/{rel}","templated":true}]}}