{"id":64,"date":"2017-12-30T16:11:10","date_gmt":"2017-12-30T16:11:10","guid":{"rendered":"http:\/\/pbs-plan.com\/?page_id=64"},"modified":"2018-01-06T10:57:32","modified_gmt":"2018-01-06T10:57:32","slug":"bauleitplanung","status":"publish","type":"page","link":"https:\/\/pbs-plan.com\/?page_id=64","title":{"rendered":"Bauleitplanung"},"content":{"rendered":"<p>Die Bauleitplanung muss vielf\u00e4ltige Anforderungen ber\u00fccksichtigen. Wir bieten Ihnen hierzu alle erforderlichen Dienstleitungen im Rahmen des Planaufstellungsverfahrens an.<\/p>\n<h3 class=\"h3_n\"><span style=\"color: #1f69a6;\">Unsere Leistungen<\/span><\/h3>\n<ul>\n<li>Aufstellen und \u00c4ndern von Fl\u00e4chennutzungspl\u00e4nen<\/li>\n<li>Aufstellen und \u00c4ndern von Bebauungspl\u00e4nen<\/li>\n<li>Aufstellen von Vorhaben- und Erschlie\u00dfungspl\u00e4nen f\u00fcr die Realisierung von Gewerbeobjekten jeder Art<\/li>\n<li>Planungen f\u00fcr landwirtschaftliche Bauten im Au\u00dfenbereich<\/li>\n<li>Aufstellen von Landschaftspl\u00e4nen<\/li>\n<li>Gemeindespezifische Auswertung von Regionalpl\u00e4nen<\/li>\n<li>Antr\u00e4ge auf Abweichung von Regionalpl\u00e4nen<\/li>\n<li>Erarbeitung abgestimmter Konzepte f\u00fcr eine interkommunale Zusammenarbeit<\/li>\n<\/ul>\n","protected":false},"excerpt":{"rendered":"<p>Die Bauleitplanung muss vielf\u00e4ltige Anforderungen ber\u00fccksichtigen. Wir bieten Ihnen hierzu alle erforderlichen Dienstleitungen im Rahmen des Planaufstellungsverfahrens an. Unsere Leistungen Aufstellen und \u00c4ndern von Fl\u00e4chennutzungspl\u00e4nen Aufstellen und \u00c4ndern von Bebauungspl\u00e4nen Aufstellen von Vorhaben- und Erschlie\u00dfungspl\u00e4nen f\u00fcr die Realisierung von Gewerbeobjekten jeder Art Planungen f\u00fcr landwirtschaftliche Bauten im Au\u00dfenbereich Aufstellen von Landschaftspl\u00e4nen Gemeindespezifische Auswertung von Regionalpl\u00e4nen [&hellip;]<\/p>\n","protected":false},"author":1,"featured_media":0,"parent":0,"menu_order":0,"comment_status":"closed","ping_status":"closed","template":"template-fullwidth.php","meta":{"saved_in_kubio":false,"footnotes":""},"class_list":["post-64","page","type-page","status-publish","hentry"],"kubio_ai_page_context":{"short_desc":"","purpose":"general"},"_links":{"self":[{"href":"https:\/\/pbs-plan.com\/index.php?rest_route=\/wp\/v2\/pages\/64","targetHints":{"allow":["GET"]}}],"collection":[{"href":"https:\/\/pbs-plan.com\/index.php?rest_route=\/wp\/v2\/pages"}],"about":[{"href":"https:\/\/pbs-plan.com\/index.php?rest_route=\/wp\/v2\/types\/page"}],"author":[{"embeddable":true,"href":"https:\/\/pbs-plan.com\/index.php?rest_route=\/wp\/v2\/users\/1"}],"replies":[{"embeddable":true,"href":"https:\/\/pbs-plan.com\/index.php?rest_route=%2Fwp%2Fv2%2Fcomments&post=64"}],"version-history":[{"count":3,"href":"https:\/\/pbs-plan.com\/index.php?rest_route=\/wp\/v2\/pages\/64\/revisions"}],"predecessor-version":[{"id":124,"href":"https:\/\/pbs-plan.com\/index.php?rest_route=\/wp\/v2\/pages\/64\/revisions\/124"}],"wp:attachment":[{"href":"https:\/\/pbs-plan.com\/index.php?rest_route=%2Fwp%2Fv2%2Fmedia&parent=64"}],"curies":[{"name":"wp","href":"https:\/\/api.w.org\/{rel}","templated":true}]}}