{"id":70,"date":"2017-12-30T16:24:17","date_gmt":"2017-12-30T16:24:17","guid":{"rendered":"http:\/\/pbs-plan.com\/?page_id=70"},"modified":"2017-12-30T16:31:02","modified_gmt":"2017-12-30T16:31:02","slug":"angebote","status":"publish","type":"page","link":"https:\/\/pbs-plan.com\/?page_id=70","title":{"rendered":"St\u00e4dte &#038; Kommunen"},"content":{"rendered":"<h3 class=\"h3\"><span style=\"color: #1f69a6;\">Komplettangebot\u00a0f\u00fcr St\u00e4dte &amp; Kommunen<\/span><\/h3>\n<p>Die Planungsprozesse werden von uns auf allen Ebenen sachkundig begleitet. Zur Entlastung der kommunalen Planungstr\u00e4ger bieten wir einen umfangreichen Service:<\/p>\n<ul>\n<li>Schaffung des Planungsrechtes in enger Partnerschaft mit der Kommune<\/li>\n<li>Fr\u00fchzeitige Abstimmungsverfahren mit den Beh\u00f6rden und Tr\u00e4gern \u00f6ffentlicher Belange sowie mit den Genehmigungsbeh\u00f6rden<\/li>\n<li>Erstellung s\u00e4mtlicher Beschluss- und Bekanntmachungstexte<\/li>\n<li>Durchf\u00fchrung der Verfahren zur Beteiligung der \u00d6ffentlichkeit, der Beh\u00f6rden bzw. Tr\u00e4ger \u00f6ffentlicher Belange<\/li>\n<li>Beratung im Rahmen der Abw\u00e4gung und Vorbereitung der Beschlussvorschl\u00e4ge f\u00fcr die Pr\u00fcfung der vorgebrachten Stellungnahmen<\/li>\n<li>Mitwirken bei einer aktiven \u00d6ffentlichkeitsarbeit zur Realisierung der Planung<\/li>\n<\/ul>\n<p>&nbsp;<\/p>\n","protected":false},"excerpt":{"rendered":"<p>Komplettangebot\u00a0f\u00fcr St\u00e4dte &amp; Kommunen Die Planungsprozesse werden von uns auf allen Ebenen sachkundig begleitet. Zur Entlastung der kommunalen Planungstr\u00e4ger bieten wir einen umfangreichen Service: Schaffung des Planungsrechtes in enger Partnerschaft mit der Kommune Fr\u00fchzeitige Abstimmungsverfahren mit den Beh\u00f6rden und Tr\u00e4gern \u00f6ffentlicher Belange sowie mit den Genehmigungsbeh\u00f6rden Erstellung s\u00e4mtlicher Beschluss- und Bekanntmachungstexte Durchf\u00fchrung der Verfahren zur [&hellip;]<\/p>\n","protected":false},"author":1,"featured_media":0,"parent":14,"menu_order":0,"comment_status":"closed","ping_status":"closed","template":"","meta":{"saved_in_kubio":false,"footnotes":""},"class_list":["post-70","page","type-page","status-publish","hentry"],"kubio_ai_page_context":{"short_desc":"","purpose":"general"},"_links":{"self":[{"href":"https:\/\/pbs-plan.com\/index.php?rest_route=\/wp\/v2\/pages\/70","targetHints":{"allow":["GET"]}}],"collection":[{"href":"https:\/\/pbs-plan.com\/index.php?rest_route=\/wp\/v2\/pages"}],"about":[{"href":"https:\/\/pbs-plan.com\/index.php?rest_route=\/wp\/v2\/types\/page"}],"author":[{"embeddable":true,"href":"https:\/\/pbs-plan.com\/index.php?rest_route=\/wp\/v2\/users\/1"}],"replies":[{"embeddable":true,"href":"https:\/\/pbs-plan.com\/index.php?rest_route=%2Fwp%2Fv2%2Fcomments&post=70"}],"version-history":[{"count":3,"href":"https:\/\/pbs-plan.com\/index.php?rest_route=\/wp\/v2\/pages\/70\/revisions"}],"predecessor-version":[{"id":74,"href":"https:\/\/pbs-plan.com\/index.php?rest_route=\/wp\/v2\/pages\/70\/revisions\/74"}],"up":[{"embeddable":true,"href":"https:\/\/pbs-plan.com\/index.php?rest_route=\/wp\/v2\/pages\/14"}],"wp:attachment":[{"href":"https:\/\/pbs-plan.com\/index.php?rest_route=%2Fwp%2Fv2%2Fmedia&parent=70"}],"curies":[{"name":"wp","href":"https:\/\/api.w.org\/{rel}","templated":true}]}}